{"id":4346,"date":"2024-02-01T10:55:03","date_gmt":"2024-02-01T09:55:03","guid":{"rendered":"https:\/\/jesuisunefleur.fr\/?page_id=4346"},"modified":"2025-12-20T16:31:33","modified_gmt":"2025-12-20T15:31:33","slug":"accueil-2","status":"publish","type":"page","link":"https:\/\/jesuisunefleur.com\/","title":{"rendered":"Accueil"},"content":{"rendered":"\t\t<div data-elementor-type=\"wp-page\" data-elementor-id=\"4346\" class=\"elementor elementor-4346\" data-elementor-settings=\"{&quot;ha_cmc_init_switcher&quot;:&quot;no&quot;}\">\n\t\t\t\t\t\t<section class=\"elementor-section elementor-top-section elementor-element elementor-element-250695f3 elementor-section-height-min-height elementor-section-boxed elementor-section-height-default elementor-section-items-middle exad-glass-effect-no wpr-particle-no wpr-jarallax-no wpr-parallax-no wpr-sticky-section-no exad-sticky-section-no\" data-id=\"250695f3\" data-element_type=\"section\" data-settings=\"{&quot;background_background&quot;:&quot;classic&quot;,&quot;_ha_eqh_enable&quot;:false}\">\n\t\t\t\t\t\t\t<div class=\"elementor-background-overlay\"><\/div>\n\t\t\t\t\t\t\t<div class=\"elementor-container elementor-column-gap-default\">\n\t\t\t\t\t<div class=\"elementor-column elementor-col-100 elementor-top-column elementor-element elementor-element-135a0113 exad-glass-effect-no exad-sticky-section-no\" data-id=\"135a0113\" data-element_type=\"column\">\n\t\t\t<div class=\"elementor-widget-wrap elementor-element-populated\">\n\t\t\t\t\t\t<section class=\"elementor-section elementor-inner-section elementor-element elementor-element-509c061 animated-slow elementor-section-full_width elementor-section-height-default elementor-section-height-default exad-glass-effect-no wpr-particle-no wpr-jarallax-no wpr-parallax-no wpr-sticky-section-no exad-sticky-section-no elementor-invisible\" data-id=\"509c061\" data-element_type=\"section\" data-settings=\"{&quot;background_background&quot;:&quot;classic&quot;,&quot;animation&quot;:&quot;zoomInDown&quot;,&quot;animation_delay&quot;:1000,&quot;_ha_eqh_enable&quot;:false}\">\n\t\t\t\t\t\t\t<div class=\"elementor-background-overlay\"><\/div>\n\t\t\t\t\t\t\t<div class=\"elementor-container elementor-column-gap-narrow\">\n\t\t\t\t\t<div class=\"elementor-column elementor-col-100 elementor-inner-column elementor-element elementor-element-fd4bc7f exad-glass-effect-no exad-sticky-section-no\" data-id=\"fd4bc7f\" data-element_type=\"column\">\n\t\t\t<div class=\"elementor-widget-wrap elementor-element-populated\">\n\t\t\t\t\t\t<div class=\"elementor-element elementor-element-c41bc8d elementor-widget__width-initial elementor-widget-tablet__width-initial elementor-widget-mobile__width-initial exad-sticky-section-no exad-glass-effect-no elementor-widget elementor-widget-heading\" data-id=\"c41bc8d\" data-element_type=\"widget\" data-settings=\"{&quot;htmega_fe&quot;:&quot;no&quot;}\" data-widget_type=\"heading.default\">\n\t\t\t\t<div class=\"elementor-widget-container\">\n\t\t\t\t\t<h2 class=\"elementor-heading-title elementor-size-default\">Pi\u00e8ces uniques<\/h2>\t\t\t\t<\/div>\n\t\t\t\t<\/div>\n\t\t\t\t<div class=\"elementor-element elementor-element-679758b elementor-widget__width-initial exad-sticky-section-no exad-glass-effect-no elementor-widget elementor-widget-heading\" data-id=\"679758b\" data-element_type=\"widget\" data-settings=\"{&quot;htmega_fe&quot;:&quot;no&quot;}\" data-widget_type=\"heading.default\">\n\t\t\t\t<div class=\"elementor-widget-container\">\n\t\t\t\t\t<h2 class=\"elementor-heading-title elementor-size-default\">Commandes personnalis\u00e9es<\/h2>\t\t\t\t<\/div>\n\t\t\t\t<\/div>\n\t\t\t\t\t<\/div>\n\t\t<\/div>\n\t\t\t\t\t<\/div>\n\t\t<\/section>\n\t\t\t\t\t<\/div>\n\t\t<\/div>\n\t\t\t\t\t<\/div>\n\t\t<\/section>\n\t\t\t\t<section class=\"elementor-section elementor-top-section elementor-element elementor-element-4944edd elementor-section-boxed elementor-section-height-default elementor-section-height-default exad-glass-effect-no wpr-particle-no wpr-jarallax-no wpr-parallax-no wpr-sticky-section-no exad-sticky-section-no\" data-id=\"4944edd\" data-element_type=\"section\" data-settings=\"{&quot;background_background&quot;:&quot;gradient&quot;,&quot;_ha_eqh_enable&quot;:false}\">\n\t\t\t\t\t\t<div class=\"elementor-container elementor-column-gap-default\">\n\t\t\t\t\t<div class=\"elementor-column elementor-col-100 elementor-top-column elementor-element elementor-element-341edab6 exad-glass-effect-no exad-sticky-section-no\" data-id=\"341edab6\" data-element_type=\"column\">\n\t\t\t<div class=\"elementor-widget-wrap elementor-element-populated\">\n\t\t\t\t\t\t<section class=\"elementor-section elementor-inner-section elementor-element elementor-element-53c8b61d elementor-section-full_width elementor-section-height-default elementor-section-height-default exad-glass-effect-no wpr-particle-no wpr-jarallax-no wpr-parallax-no wpr-sticky-section-no exad-sticky-section-no\" data-id=\"53c8b61d\" data-element_type=\"section\" data-settings=\"{&quot;_ha_eqh_enable&quot;:false}\">\n\t\t\t\t\t\t<div class=\"elementor-container elementor-column-gap-default\">\n\t\t\t\t\t<div class=\"elementor-column elementor-col-100 elementor-inner-column elementor-element elementor-element-57ab7238 exad-glass-effect-no exad-sticky-section-no\" data-id=\"57ab7238\" data-element_type=\"column\">\n\t\t\t<div class=\"elementor-widget-wrap elementor-element-populated\">\n\t\t\t\t\t\t<div class=\"elementor-element elementor-element-b4b4fee elementor-widget-divider--view-line_icon elementor-widget-mobile__width-inherit animated-slow elementor-widget-divider--separator-type-pattern elementor-view-default elementor-widget-divider--element-align-center exad-sticky-section-no exad-glass-effect-no elementor-invisible elementor-widget elementor-widget-divider\" data-id=\"b4b4fee\" data-element_type=\"widget\" data-settings=\"{&quot;_animation&quot;:&quot;slideInLeft&quot;,&quot;_animation_delay&quot;:1000,&quot;htmega_fe&quot;:&quot;no&quot;}\" data-widget_type=\"divider.default\">\n\t\t\t\t<div class=\"elementor-widget-container\">\n\t\t\t\t\t\t\t<div class=\"elementor-divider\" style=\"--divider-pattern-url: url(&quot;data:image\/svg+xml,%3Csvg xmlns=&#039;http:\/\/www.w3.org\/2000\/svg&#039; preserveAspectRatio=&#039;none&#039; overflow=&#039;visible&#039; height=&#039;100%&#039; viewBox=&#039;0 0 24 24&#039; fill=&#039;none&#039; stroke=&#039;black&#039; stroke-width=&#039;1.5&#039; stroke-linecap=&#039;square&#039; stroke-miterlimit=&#039;10&#039;%3E%3Cpolyline points=&#039;0,18 12,6 24,18 &#039;\/%3E%3C\/svg%3E&quot;);\">\n\t\t\t<span class=\"elementor-divider-separator\">\n\t\t\t\t\t\t\t<div class=\"elementor-icon elementor-divider__element\">\n\t\t\t\t\t<i aria-hidden=\"true\" class=\"remixicon ri-plant-fill\"><\/i><\/div>\n\t\t\t\t\t\t<\/span>\n\t\t<\/div>\n\t\t\t\t\t\t<\/div>\n\t\t\t\t<\/div>\n\t\t\t\t<div class=\"elementor-element elementor-element-e24591a animated-slow exad-sticky-section-no exad-glass-effect-no elementor-invisible elementor-widget elementor-widget-heading\" data-id=\"e24591a\" data-element_type=\"widget\" data-settings=\"{&quot;_animation&quot;:&quot;fadeInRight&quot;,&quot;_animation_tablet&quot;:&quot;fadeInRight&quot;,&quot;_animation_mobile&quot;:&quot;fadeInRight&quot;,&quot;_animation_delay&quot;:1000,&quot;htmega_fe&quot;:&quot;no&quot;}\" data-widget_type=\"heading.default\">\n\t\t\t\t<div class=\"elementor-widget-container\">\n\t\t\t\t\t<h2 class=\"elementor-heading-title elementor-size-default\">A propos de mon projet...<\/h2>\t\t\t\t<\/div>\n\t\t\t\t<\/div>\n\t\t\t\t\t<\/div>\n\t\t<\/div>\n\t\t\t\t\t<\/div>\n\t\t<\/section>\n\t\t\t\t<section class=\"elementor-section elementor-inner-section elementor-element elementor-element-ee98f4d elementor-section-boxed elementor-section-height-default elementor-section-height-default exad-glass-effect-no wpr-particle-no wpr-jarallax-no wpr-parallax-no wpr-sticky-section-no exad-sticky-section-no\" data-id=\"ee98f4d\" data-element_type=\"section\" data-settings=\"{&quot;_ha_eqh_enable&quot;:false}\">\n\t\t\t\t\t\t<div class=\"elementor-container elementor-column-gap-default\">\n\t\t\t\t\t<div class=\"elementor-column elementor-col-50 elementor-inner-column elementor-element elementor-element-5dc54ba exad-glass-effect-no exad-sticky-section-no\" data-id=\"5dc54ba\" data-element_type=\"column\">\n\t\t\t<div class=\"elementor-widget-wrap elementor-element-populated\">\n\t\t\t\t\t\t<div class=\"elementor-element elementor-element-d476222 animated-slow exad-sticky-section-no exad-glass-effect-no ha-has-bg-overlay elementor-invisible elementor-widget elementor-widget-image\" data-id=\"d476222\" data-element_type=\"widget\" data-settings=\"{&quot;_animation&quot;:&quot;fadeInLeft&quot;,&quot;_animation_delay&quot;:400,&quot;htmega_fe&quot;:&quot;no&quot;}\" data-widget_type=\"image.default\">\n\t\t\t\t<div class=\"elementor-widget-container\">\n\t\t\t\t\t\t\t\t\t\t\t\t\t\t\t<img fetchpriority=\"high\" decoding=\"async\" width=\"720\" height=\"1280\" src=\"https:\/\/jesuisunefleur.com\/wp-content\/uploads\/2024\/02\/Isa_accueil.png\" class=\"attachment-full size-full wp-image-4347\" alt=\"\" srcset=\"https:\/\/jesuisunefleur.com\/wp-content\/uploads\/2024\/02\/Isa_accueil.png 720w, https:\/\/jesuisunefleur.com\/wp-content\/uploads\/2024\/02\/Isa_accueil-169x300.png 169w, https:\/\/jesuisunefleur.com\/wp-content\/uploads\/2024\/02\/Isa_accueil-576x1024.png 576w\" sizes=\"(max-width: 720px) 100vw, 720px\" \/>\t\t\t\t\t\t\t\t\t\t\t\t\t\t\t<\/div>\n\t\t\t\t<\/div>\n\t\t\t\t\t<\/div>\n\t\t<\/div>\n\t\t\t\t<div class=\"elementor-column elementor-col-50 elementor-inner-column elementor-element elementor-element-fc0c09f exad-glass-effect-no exad-sticky-section-no\" data-id=\"fc0c09f\" data-element_type=\"column\" data-settings=\"{&quot;background_background&quot;:&quot;gradient&quot;}\">\n\t\t\t<div class=\"elementor-widget-wrap elementor-element-populated\">\n\t\t\t\t\t\t<div class=\"elementor-element elementor-element-50dcc47 exad-sticky-section-no exad-glass-effect-no elementor-widget elementor-widget-text-editor\" data-id=\"50dcc47\" data-element_type=\"widget\" data-settings=\"{&quot;htmega_fe&quot;:&quot;no&quot;}\" data-widget_type=\"text-editor.default\">\n\t\t\t\t<div class=\"elementor-widget-container\">\n\t\t\t\t\t\t\t\t\t<p><span style=\"font-family: georgia, palatino; font-size: 16px;\">\u00a0 \u00a0 \u00a0 J&rsquo;ai toujours eu besoin de r\u00e9aliser des choses avec mes mains et d&rsquo;exprimer ma cr\u00e9ativit\u00e9. Je me suis essay\u00e9e \u00e0 diff\u00e9rentes activit\u00e9s, dessin, peinture, modelage, tricot, tissage que j&rsquo;exer\u00e7ais en dilettante \u00e0 c\u00f4t\u00e9 d&rsquo;une activit\u00e9 professionnelle de bureau mais je supportais de moins en moins de passer ma journ\u00e9e assise derri\u00e8re un ordinateur.<\/span><\/p><p style=\"text-align: justify;\"><span style=\"font-family: georgia, palatino; font-size: 16px;\">\u00a0 \u00a0 \u00a0C&rsquo;est alors que j&rsquo;ai d\u00e9couvert la couture !<\/span><\/p>\t\t\t\t\t\t\t\t<\/div>\n\t\t\t\t<\/div>\n\t\t\t\t<div class=\"elementor-element elementor-element-73d4bbb exad-sticky-section-no exad-glass-effect-no elementor-widget elementor-widget-htmega-toggle-addons\" data-id=\"73d4bbb\" data-element_type=\"widget\" data-settings=\"{&quot;htmega_fe&quot;:&quot;no&quot;}\" data-widget_type=\"htmega-toggle-addons.default\">\n\t\t\t\t<div class=\"elementor-widget-container\">\n\t\t\t\t\t            <div class=\"htmega-toggle-area\" >\n                \n                <div class=\"htmega-toggle-content-73d4bbb\" style=\"display: none;\">\n                    <div class=\"htmega_custom_content\"><p style=\"text-align: justify\"><span style=\"font-family: georgia, palatino;font-size: 16px\">\u00a0 \u00a0 \u00a0Soudain j'ai eu l'impression que toutes les plan\u00e8tes s'\u00e9taient align\u00e9es pour me d\u00e9rouler le tapis rouge vers une nouvelle voie, de nouvelles perspectives.<\/span><br \/><span style=\"font-family: georgia, palatino;font-size: 16px\">J'ai commenc\u00e9 par suivre quelques cours de couture qui m'ont mis le pied \u00e0 l'\u00e9trier et qui ont r\u00e9v\u00e9l\u00e9 \u00e0 moi une v\u00e9ritable passion pour la couture, les tissus, une envie irr\u00e9pressible d'imaginer, d'assortir, assembler, cr\u00e9er un objet en tissu.<\/span><br \/><span style=\"font-family: georgia, palatino;font-size: 16px\">Ce qui me satisfait le plus est d'utiliser des chutes, de recycler des anciens v\u00eatements et d'en faire quelque chose de joli.<\/span><\/p><p style=\"text-align: justify\"><span style=\"font-family: georgia, palatino;font-size: 16px\">\u00a0 \u00a0 Et puis j'ai quitt\u00e9 mon job devant l'ordinateur pour passer plus de temps devant ma machine \u00e0 coudre, hahaha ! Mais pas que...<\/span><br \/><span style=\"font-family: georgia, palatino;font-size: 16px\">Ce qui m'anime c'est aussi de partager avec vous mes cr\u00e9ations qui sont r\u00e9alis\u00e9es avec le plus grand soin et dans lesquelles je donne toujours un peu (beaucoup) de moi.<\/span><\/p><p style=\"text-align: justify\"><span style=\"font-family: georgia, palatino;font-size: 16px\">\u00a0 \u00a0 Si vous \u00eates int\u00e9ress\u00e9s n'h\u00e9sitez pas \u00e0 me contacter via le formulaire Contact !<\/span><\/p><\/div>                <\/div>\n\n                <div class=\"htmega-toggle-button\">\n                    <a href=\"#\" class=\"togglebutton-73d4bbb normal_btn\">En savoir plus...<i class=\"far fa-arrow-alt-circle-down\"><\/i><\/a><a href=\"#\" class=\"togglebutton-73d4bbb opened_btn\">Fermer<i class=\"far fa-arrow-alt-circle-up\"><\/i><\/a>                <\/div>\n\n            <\/div>\n\n            <script>\n                jQuery(document).ready(function($) {\n                    'use strict';\n                    $(\".togglebutton-73d4bbb\").on('click', function(){\n                        $(\".htmega-toggle-content-73d4bbb\").slideToggle('slow');\n                        $(this).removeAttr(\"href\");\n                        $(this).parent().toggleClass(\"open\");\n                    });\n                });\n            <\/script>\n        \t\t\t\t<\/div>\n\t\t\t\t<\/div>\n\t\t\t\t\t<\/div>\n\t\t<\/div>\n\t\t\t\t\t<\/div>\n\t\t<\/section>\n\t\t\t\t<div class=\"elementor-element elementor-element-d7c9436 elementor-widget-divider--view-line_icon elementor-widget-mobile__width-inherit animated-slow elementor-widget-divider--separator-type-pattern elementor-view-default elementor-widget-divider--element-align-center exad-sticky-section-no exad-glass-effect-no elementor-invisible elementor-widget elementor-widget-divider\" data-id=\"d7c9436\" data-element_type=\"widget\" data-settings=\"{&quot;_animation&quot;:&quot;slideInLeft&quot;,&quot;_animation_delay&quot;:1000,&quot;htmega_fe&quot;:&quot;no&quot;}\" data-widget_type=\"divider.default\">\n\t\t\t\t<div class=\"elementor-widget-container\">\n\t\t\t\t\t\t\t<div class=\"elementor-divider\" style=\"--divider-pattern-url: url(&quot;data:image\/svg+xml,%3Csvg xmlns=&#039;http:\/\/www.w3.org\/2000\/svg&#039; preserveAspectRatio=&#039;none&#039; overflow=&#039;visible&#039; height=&#039;100%&#039; viewBox=&#039;0 0 24 24&#039; fill=&#039;none&#039; stroke=&#039;black&#039; stroke-width=&#039;1.5&#039; stroke-linecap=&#039;square&#039; stroke-miterlimit=&#039;10&#039;%3E%3Cpolyline points=&#039;0,18 12,6 24,18 &#039;\/%3E%3C\/svg%3E&quot;);\">\n\t\t\t<span class=\"elementor-divider-separator\">\n\t\t\t\t\t\t\t<div class=\"elementor-icon elementor-divider__element\">\n\t\t\t\t\t<i aria-hidden=\"true\" class=\"remixicon ri-plant-fill\"><\/i><\/div>\n\t\t\t\t\t\t<\/span>\n\t\t<\/div>\n\t\t\t\t\t\t<\/div>\n\t\t\t\t<\/div>\n\t\t\t\t\t<\/div>\n\t\t<\/div>\n\t\t\t\t\t<\/div>\n\t\t<\/section>\n\t\t<div class=\"elementor-element elementor-element-8c8cc41 e-flex e-con-boxed wpr-particle-no wpr-jarallax-no wpr-parallax-no wpr-sticky-section-no e-con e-parent\" data-id=\"8c8cc41\" data-element_type=\"container\" data-settings=\"{&quot;background_background&quot;:&quot;classic&quot;,&quot;_ha_eqh_enable&quot;:false}\">\n\t\t\t\t\t<div class=\"e-con-inner\">\n\t\t\t\t\t<\/div>\n\t\t\t\t<\/div>\n\t\t\t\t<section class=\"elementor-section elementor-top-section elementor-element elementor-element-4204191e elementor-section-full_width elementor-section-height-default elementor-section-height-default exad-glass-effect-no wpr-particle-no wpr-jarallax-no wpr-parallax-no wpr-sticky-section-no exad-sticky-section-no\" data-id=\"4204191e\" data-element_type=\"section\" data-settings=\"{&quot;background_background&quot;:&quot;gradient&quot;,&quot;_ha_eqh_enable&quot;:false}\">\n\t\t\t\t\t\t<div class=\"elementor-container elementor-column-gap-default\">\n\t\t\t\t\t<div class=\"elementor-column elementor-col-100 elementor-top-column elementor-element elementor-element-5558c75d exad-glass-effect-no exad-sticky-section-no\" data-id=\"5558c75d\" data-element_type=\"column\">\n\t\t\t<div class=\"elementor-widget-wrap elementor-element-populated\">\n\t\t\t\t\t\t<div class=\"elementor-element elementor-element-7834f85c animated-slow exad-sticky-section-no exad-glass-effect-no elementor-invisible elementor-widget elementor-widget-image\" data-id=\"7834f85c\" data-element_type=\"widget\" data-settings=\"{&quot;_animation&quot;:&quot;rollIn&quot;,&quot;_animation_delay&quot;:500,&quot;htmega_fe&quot;:&quot;no&quot;}\" data-widget_type=\"image.default\">\n\t\t\t\t<div class=\"elementor-widget-container\">\n\t\t\t\t\t\t\t\t\t\t\t\t\t\t\t<img decoding=\"async\" width=\"630\" height=\"630\" src=\"https:\/\/jesuisunefleur.com\/wp-content\/uploads\/2024\/01\/logo.jpg\" class=\"attachment-full size-full wp-image-3073\" alt=\"\" srcset=\"https:\/\/jesuisunefleur.com\/wp-content\/uploads\/2024\/01\/logo.jpg 630w, https:\/\/jesuisunefleur.com\/wp-content\/uploads\/2024\/01\/logo-300x300.jpg 300w, https:\/\/jesuisunefleur.com\/wp-content\/uploads\/2024\/01\/logo-150x150.jpg 150w, https:\/\/jesuisunefleur.com\/wp-content\/uploads\/2024\/01\/logo-80x80.jpg 80w\" sizes=\"(max-width: 630px) 100vw, 630px\" \/>\t\t\t\t\t\t\t\t\t\t\t\t\t\t\t<\/div>\n\t\t\t\t<\/div>\n\t\t\t\t\t<\/div>\n\t\t<\/div>\n\t\t\t\t\t<\/div>\n\t\t<\/section>\n\t\t\t\t<section class=\"elementor-section elementor-top-section elementor-element elementor-element-55b8f897 animated-slow elementor-section-boxed elementor-section-height-default elementor-section-height-default exad-glass-effect-no wpr-particle-no wpr-jarallax-no wpr-parallax-no wpr-sticky-section-no exad-sticky-section-no elementor-invisible\" data-id=\"55b8f897\" data-element_type=\"section\" data-settings=\"{&quot;background_background&quot;:&quot;classic&quot;,&quot;animation&quot;:&quot;rotateInDownRight&quot;,&quot;animation_tablet&quot;:&quot;rotateInDownRight&quot;,&quot;animation_delay&quot;:2000,&quot;_ha_eqh_enable&quot;:false}\">\n\t\t\t\t\t\t<div class=\"elementor-container elementor-column-gap-no\">\n\t\t\t\t\t<div class=\"elementor-column elementor-col-100 elementor-top-column elementor-element elementor-element-3c45fad9 exad-glass-effect-no exad-sticky-section-no\" data-id=\"3c45fad9\" data-element_type=\"column\">\n\t\t\t<div class=\"elementor-widget-wrap elementor-element-populated\">\n\t\t\t\t\t\t<div class=\"elementor-element elementor-element-65b37dd7 exad-sticky-section-no exad-glass-effect-no elementor-widget elementor-widget-heading\" data-id=\"65b37dd7\" data-element_type=\"widget\" data-settings=\"{&quot;htmega_fe&quot;:&quot;no&quot;}\" data-widget_type=\"heading.default\">\n\t\t\t\t<div class=\"elementor-widget-container\">\n\t\t\t\t\t<p class=\"elementor-heading-title elementor-size-default\">\u00a92024 jesuisunefleur.com Copyright All Right Reserved.<\/p>\t\t\t\t<\/div>\n\t\t\t\t<\/div>\n\t\t\t\t\t<\/div>\n\t\t<\/div>\n\t\t\t\t\t<\/div>\n\t\t<\/section>\n\t\t<div class=\"elementor-element elementor-element-4d6346d e-flex e-con-boxed wpr-particle-no wpr-jarallax-no wpr-parallax-no wpr-sticky-section-no e-con e-parent\" data-id=\"4d6346d\" data-element_type=\"container\" data-settings=\"{&quot;_ha_eqh_enable&quot;:false}\">\n\t\t\t\t\t<div class=\"e-con-inner\">\n\t\t\t\t\t<\/div>\n\t\t\t\t<\/div>\n\t\t\t\t<\/div>\n\t\t","protected":false},"excerpt":{"rendered":"<p>Pi\u00e8ces uniques Commandes personnalis\u00e9es A propos de mon projet&#8230; \u00a0 \u00a0 \u00a0 J&rsquo;ai toujours eu besoin de r\u00e9aliser des choses avec mes mains et d&rsquo;exprimer ma cr\u00e9ativit\u00e9. Je me suis essay\u00e9e \u00e0 diff\u00e9rentes activit\u00e9s, dessin, peinture, modelage, tricot, tissage que j&rsquo;exer\u00e7ais en dilettante \u00e0 c\u00f4t\u00e9 d&rsquo;une activit\u00e9 professionnelle de bureau mais je supportais de moins en moins de passer ma journ\u00e9e assise derri\u00e8re un ordinateur. \u00a0 \u00a0 \u00a0C&rsquo;est alors que j&rsquo;ai d\u00e9couvert la couture ! \u00a0 \u00a0 \u00a0Soudain j&rsquo;ai eu l&rsquo;impression que toutes les plan\u00e8tes s&rsquo;\u00e9taient align\u00e9es pour me d\u00e9rouler le tapis rouge vers une nouvelle voie, de nouvelles perspectives.J&rsquo;ai commenc\u00e9 par suivre quelques cours de couture qui m&rsquo;ont mis le pied \u00e0 l&rsquo;\u00e9trier et qui ont r\u00e9v\u00e9l\u00e9 \u00e0 moi une v\u00e9ritable passion pour la couture, les tissus, une envie irr\u00e9pressible d&rsquo;imaginer, d&rsquo;assortir, assembler, cr\u00e9er un objet en tissu.Ce qui me satisfait le plus est d&rsquo;utiliser des chutes, de recycler des anciens v\u00eatements et d&rsquo;en faire quelque chose de joli. \u00a0 \u00a0 Et puis j&rsquo;ai quitt\u00e9 mon job devant l&rsquo;ordinateur pour passer plus de temps devant ma machine \u00e0 coudre, hahaha ! Mais pas que&#8230;Ce qui m&rsquo;anime c&rsquo;est aussi de partager avec vous mes cr\u00e9ations qui sont r\u00e9alis\u00e9es avec le plus grand soin et dans lesquelles je donne toujours un peu (beaucoup) de moi. \u00a0 \u00a0 Si vous \u00eates int\u00e9ress\u00e9s n&rsquo;h\u00e9sitez pas \u00e0 me contacter via le formulaire Contact ! En savoir plus&#8230;Fermer \u00a92024 jesuisunefleur.com Copyright All Right Reserved.<\/p>\n","protected":false},"author":1,"featured_media":0,"parent":0,"menu_order":0,"comment_status":"closed","ping_status":"closed","template":"","meta":{"site-sidebar-layout":"no-sidebar","site-content-layout":"","ast-site-content-layout":"full-width-container","site-content-style":"default","site-sidebar-style":"default","ast-global-header-display":"","ast-banner-title-visibility":"","ast-main-header-display":"","ast-hfb-above-header-display":"","ast-hfb-below-header-display":"","ast-hfb-mobile-header-display":"","site-post-title":"disabled","ast-breadcrumbs-content":"","ast-featured-img":"disabled","footer-sml-layout":"","ast-disable-related-posts":"","theme-transparent-header-meta":"","adv-header-id-meta":"","stick-header-meta":"","header-above-stick-meta":"","header-main-stick-meta":"","header-below-stick-meta":"","astra-migrate-meta-layouts":"default","ast-page-background-enabled":"default","ast-page-background-meta":{"desktop":{"background-color":"var(--ast-global-color-4)","background-image":"","background-repeat":"repeat","background-position":"center center","background-size":"auto","background-attachment":"scroll","background-type":"","background-media":"","overlay-type":"","overlay-color":"","overlay-opacity":"","overlay-gradient":""},"tablet":{"background-color":"","background-image":"","background-repeat":"repeat","background-position":"center center","background-size":"auto","background-attachment":"scroll","background-type":"","background-media":"","overlay-type":"","overlay-color":"","overlay-opacity":"","overlay-gradient":""},"mobile":{"background-color":"","background-image":"","background-repeat":"repeat","background-position":"center center","background-size":"auto","background-attachment":"scroll","background-type":"","background-media":"","overlay-type":"","overlay-color":"","overlay-opacity":"","overlay-gradient":""}},"ast-content-background-meta":{"desktop":{"background-color":"var(--ast-global-color-5)","background-image":"","background-repeat":"repeat","background-position":"center center","background-size":"auto","background-attachment":"scroll","background-type":"","background-media":"","overlay-type":"","overlay-color":"","overlay-opacity":"","overlay-gradient":""},"tablet":{"background-color":"var(--ast-global-color-5)","background-image":"","background-repeat":"repeat","background-position":"center center","background-size":"auto","background-attachment":"scroll","background-type":"","background-media":"","overlay-type":"","overlay-color":"","overlay-opacity":"","overlay-gradient":""},"mobile":{"background-color":"var(--ast-global-color-5)","background-image":"","background-repeat":"repeat","background-position":"center center","background-size":"auto","background-attachment":"scroll","background-type":"","background-media":"","overlay-type":"","overlay-color":"","overlay-opacity":"","overlay-gradient":""}},"_joinchat":[],"footnotes":""},"class_list":["post-4346","page","type-page","status-publish","hentry"],"_links":{"self":[{"href":"https:\/\/jesuisunefleur.com\/index.php?rest_route=\/wp\/v2\/pages\/4346","targetHints":{"allow":["GET"]}}],"collection":[{"href":"https:\/\/jesuisunefleur.com\/index.php?rest_route=\/wp\/v2\/pages"}],"about":[{"href":"https:\/\/jesuisunefleur.com\/index.php?rest_route=\/wp\/v2\/types\/page"}],"author":[{"embeddable":true,"href":"https:\/\/jesuisunefleur.com\/index.php?rest_route=\/wp\/v2\/users\/1"}],"replies":[{"embeddable":true,"href":"https:\/\/jesuisunefleur.com\/index.php?rest_route=%2Fwp%2Fv2%2Fcomments&post=4346"}],"version-history":[{"count":538,"href":"https:\/\/jesuisunefleur.com\/index.php?rest_route=\/wp\/v2\/pages\/4346\/revisions"}],"predecessor-version":[{"id":11981,"href":"https:\/\/jesuisunefleur.com\/index.php?rest_route=\/wp\/v2\/pages\/4346\/revisions\/11981"}],"wp:attachment":[{"href":"https:\/\/jesuisunefleur.com\/index.php?rest_route=%2Fwp%2Fv2%2Fmedia&parent=4346"}],"curies":[{"name":"wp","href":"https:\/\/api.w.org\/{rel}","templated":true}]}}